{"id":20453,"date":"2024-01-30T17:38:36","date_gmt":"2024-01-30T16:38:36","guid":{"rendered":"https:\/\/reveblanc.fr\/my-account\/"},"modified":"2024-11-11T20:53:56","modified_gmt":"2024-11-11T19:53:56","slug":"my-account","status":"publish","type":"page","link":"https:\/\/reveblanc.fr\/en\/my-account\/","title":{"rendered":"My Account"},"content":{"rendered":"\t\t<div data-elementor-type=\"wp-page\" data-elementor-id=\"20453\" class=\"elementor elementor-20453 elementor-13808\" data-elementor-post-type=\"page\">\n\t\t\t\t<div class=\"elementor-element elementor-element-3381ae4e e-flex e-con-boxed e-con e-parent\" data-id=\"3381ae4e\" data-element_type=\"container\" data-e-type=\"container\">\n\t\t\t\t\t<div class=\"e-con-inner\">\n\t\t\t\t<div class=\"elementor-element elementor-element-9cca908 elementor-widget elementor-widget-heading\" data-id=\"9cca908\" data-element_type=\"widget\" data-e-type=\"widget\" data-widget_type=\"heading.default\">\n\t\t\t\t<div class=\"elementor-widget-container\">\n\t\t\t\t\t<h2 class=\"elementor-heading-title elementor-size-default\">My Account<\/h2>\t\t\t\t<\/div>\n\t\t\t\t<\/div>\n\t\t\t\t\t<\/div>\n\t\t\t\t<\/div>\n\t\t<div class=\"elementor-element elementor-element-21a1f878 e-flex e-con-boxed e-con e-parent\" data-id=\"21a1f878\" data-element_type=\"container\" data-e-type=\"container\" data-settings=\"{&quot;background_background&quot;:&quot;classic&quot;}\">\n\t\t\t\t\t<div class=\"e-con-inner\">\n\t\t\t\t<div class=\"elementor-element elementor-element-5a0d1eb9 elementor-widget__width-inherit elementor-widget-tablet__width-initial e-my-account-tabs-vertical elementor-widget elementor-widget-woocommerce-my-account\" data-id=\"5a0d1eb9\" data-element_type=\"widget\" data-e-type=\"widget\" data-widget_type=\"woocommerce-my-account.default\">\n\t\t\t\t<div class=\"elementor-widget-container\">\n\t\t\t\t\t<div class=\"e-my-account-tab e-my-account-tab__ \">\t\t\t<div class=\"woocommerce\"><\/div>\t\t<\/div>\n\t\t\t\t\t\t<\/div>\n\t\t\t\t<\/div>\n\t\t\t\t\t<\/div>\n\t\t\t\t<\/div>\n\t\t\t\t<\/div>\n\t\t","protected":false},"excerpt":{"rendered":"<p>My Account Dashboard Orders Downloads Addresses Moyens de paiement Account details Liste de souhaits Log off Bonjour Micha (vous n\u2019\u00eates pas Micha\u00a0? D\u00e9connexion) \u00c0 partir du tableau de bord de votre compte, vous pouvez visualiser vos commandes r\u00e9centes, g\u00e9rer vos adresses de livraison et de facturation ainsi que changer votre mot de passe et les [&hellip;]<\/p>\n","protected":false},"author":4,"featured_media":0,"parent":0,"menu_order":0,"comment_status":"closed","ping_status":"closed","template":"","meta":{"footnotes":""},"class_list":["post-20453","page","type-page","status-publish","hentry"],"blocksy_meta":[],"yoast_head":"<!-- This site is optimized with the Yoast SEO plugin v27.3 - https:\/\/yoast.com\/product\/yoast-seo-wordpress\/ -->\n<title>My Account - R\u00eave Blanc<\/title>\n<meta name=\"robots\" content=\"index, follow, max-snippet:-1, max-image-preview:large, max-video-preview:-1\" \/>\n<link rel=\"canonical\" href=\"https:\/\/reveblanc.fr\/en\/my-account\/\" \/>\n<meta property=\"og:locale\" content=\"en_US\" \/>\n<meta property=\"og:type\" content=\"article\" \/>\n<meta property=\"og:title\" content=\"My Account - R\u00eave Blanc\" \/>\n<meta property=\"og:description\" content=\"My Account Dashboard Orders Downloads Addresses Moyens de paiement Account details Liste de souhaits Log off Bonjour Micha (vous n\u2019\u00eates pas Micha\u00a0? D\u00e9connexion) \u00c0 partir du tableau de bord de votre compte, vous pouvez visualiser vos commandes r\u00e9centes, g\u00e9rer vos adresses de livraison et de facturation ainsi que changer votre mot de passe et les [&hellip;]\" \/>\n<meta property=\"og:url\" content=\"https:\/\/reveblanc.fr\/en\/my-account\/\" \/>\n<meta property=\"og:site_name\" content=\"R\u00eave Blanc\" \/>\n<meta property=\"article:publisher\" content=\"https:\/\/www.facebook.com\/ReveBlancParisOfficiel\/\" \/>\n<meta property=\"article:modified_time\" content=\"2024-11-11T19:53:56+00:00\" \/>\n<meta name=\"twitter:card\" content=\"summary_large_image\" \/>\n<script type=\"application\/ld+json\" class=\"yoast-schema-graph\">{\"@context\":\"https:\\\/\\\/schema.org\",\"@graph\":[{\"@type\":\"WebPage\",\"@id\":\"https:\\\/\\\/reveblanc.fr\\\/en\\\/my-account\\\/\",\"url\":\"https:\\\/\\\/reveblanc.fr\\\/en\\\/my-account\\\/\",\"name\":\"My Account - R\u00eave Blanc\",\"isPartOf\":{\"@id\":\"https:\\\/\\\/reveblanc.fr\\\/en\\\/#website\"},\"datePublished\":\"2024-01-30T16:38:36+00:00\",\"dateModified\":\"2024-11-11T19:53:56+00:00\",\"breadcrumb\":{\"@id\":\"https:\\\/\\\/reveblanc.fr\\\/en\\\/my-account\\\/#breadcrumb\"},\"inLanguage\":\"en-US\",\"potentialAction\":[{\"@type\":\"ReadAction\",\"target\":[\"https:\\\/\\\/reveblanc.fr\\\/en\\\/my-account\\\/\"]}]},{\"@type\":\"BreadcrumbList\",\"@id\":\"https:\\\/\\\/reveblanc.fr\\\/en\\\/my-account\\\/#breadcrumb\",\"itemListElement\":[{\"@type\":\"ListItem\",\"position\":1,\"name\":\"Accueil\",\"item\":\"https:\\\/\\\/reveblanc.fr\\\/en\\\/home-page\\\/\"},{\"@type\":\"ListItem\",\"position\":2,\"name\":\"My Account\"}]},{\"@type\":\"WebSite\",\"@id\":\"https:\\\/\\\/reveblanc.fr\\\/en\\\/#website\",\"url\":\"https:\\\/\\\/reveblanc.fr\\\/en\\\/\",\"name\":\"R\u00eave Blanc\",\"description\":\"Linen specialist since 1989\",\"publisher\":{\"@id\":\"https:\\\/\\\/reveblanc.fr\\\/en\\\/#organization\"},\"potentialAction\":[{\"@type\":\"SearchAction\",\"target\":{\"@type\":\"EntryPoint\",\"urlTemplate\":\"https:\\\/\\\/reveblanc.fr\\\/en\\\/?s={search_term_string}\"},\"query-input\":{\"@type\":\"PropertyValueSpecification\",\"valueRequired\":true,\"valueName\":\"search_term_string\"}}],\"inLanguage\":\"en-US\"},{\"@type\":\"Organization\",\"@id\":\"https:\\\/\\\/reveblanc.fr\\\/en\\\/#organization\",\"name\":\"R\u00eave Blanc\",\"url\":\"https:\\\/\\\/reveblanc.fr\\\/en\\\/\",\"logo\":{\"@type\":\"ImageObject\",\"inLanguage\":\"en-US\",\"@id\":\"https:\\\/\\\/reveblanc.fr\\\/en\\\/#\\\/schema\\\/logo\\\/image\\\/\",\"url\":\"https:\\\/\\\/reveblanc.fr\\\/wp-content\\\/uploads\\\/2020\\\/10\\\/R-1.png\",\"contentUrl\":\"https:\\\/\\\/reveblanc.fr\\\/wp-content\\\/uploads\\\/2020\\\/10\\\/R-1.png\",\"width\":500,\"height\":500,\"caption\":\"R\u00eave Blanc\"},\"image\":{\"@id\":\"https:\\\/\\\/reveblanc.fr\\\/en\\\/#\\\/schema\\\/logo\\\/image\\\/\"},\"sameAs\":[\"https:\\\/\\\/www.facebook.com\\\/ReveBlancParisOfficiel\\\/\"]}]}<\/script>\n<!-- \/ Yoast SEO plugin. -->","yoast_head_json":{"title":"My Account - R\u00eave Blanc","robots":{"index":"index","follow":"follow","max-snippet":"max-snippet:-1","max-image-preview":"max-image-preview:large","max-video-preview":"max-video-preview:-1"},"canonical":"https:\/\/reveblanc.fr\/en\/my-account\/","og_locale":"en_US","og_type":"article","og_title":"My Account - R\u00eave Blanc","og_description":"My Account Dashboard Orders Downloads Addresses Moyens de paiement Account details Liste de souhaits Log off Bonjour Micha (vous n\u2019\u00eates pas Micha\u00a0? D\u00e9connexion) \u00c0 partir du tableau de bord de votre compte, vous pouvez visualiser vos commandes r\u00e9centes, g\u00e9rer vos adresses de livraison et de facturation ainsi que changer votre mot de passe et les [&hellip;]","og_url":"https:\/\/reveblanc.fr\/en\/my-account\/","og_site_name":"R\u00eave Blanc","article_publisher":"https:\/\/www.facebook.com\/ReveBlancParisOfficiel\/","article_modified_time":"2024-11-11T19:53:56+00:00","twitter_card":"summary_large_image","schema":{"@context":"https:\/\/schema.org","@graph":[{"@type":"WebPage","@id":"https:\/\/reveblanc.fr\/en\/my-account\/","url":"https:\/\/reveblanc.fr\/en\/my-account\/","name":"My Account - R\u00eave Blanc","isPartOf":{"@id":"https:\/\/reveblanc.fr\/en\/#website"},"datePublished":"2024-01-30T16:38:36+00:00","dateModified":"2024-11-11T19:53:56+00:00","breadcrumb":{"@id":"https:\/\/reveblanc.fr\/en\/my-account\/#breadcrumb"},"inLanguage":"en-US","potentialAction":[{"@type":"ReadAction","target":["https:\/\/reveblanc.fr\/en\/my-account\/"]}]},{"@type":"BreadcrumbList","@id":"https:\/\/reveblanc.fr\/en\/my-account\/#breadcrumb","itemListElement":[{"@type":"ListItem","position":1,"name":"Accueil","item":"https:\/\/reveblanc.fr\/en\/home-page\/"},{"@type":"ListItem","position":2,"name":"My Account"}]},{"@type":"WebSite","@id":"https:\/\/reveblanc.fr\/en\/#website","url":"https:\/\/reveblanc.fr\/en\/","name":"R\u00eave Blanc","description":"Linen specialist since 1989","publisher":{"@id":"https:\/\/reveblanc.fr\/en\/#organization"},"potentialAction":[{"@type":"SearchAction","target":{"@type":"EntryPoint","urlTemplate":"https:\/\/reveblanc.fr\/en\/?s={search_term_string}"},"query-input":{"@type":"PropertyValueSpecification","valueRequired":true,"valueName":"search_term_string"}}],"inLanguage":"en-US"},{"@type":"Organization","@id":"https:\/\/reveblanc.fr\/en\/#organization","name":"R\u00eave Blanc","url":"https:\/\/reveblanc.fr\/en\/","logo":{"@type":"ImageObject","inLanguage":"en-US","@id":"https:\/\/reveblanc.fr\/en\/#\/schema\/logo\/image\/","url":"https:\/\/reveblanc.fr\/wp-content\/uploads\/2020\/10\/R-1.png","contentUrl":"https:\/\/reveblanc.fr\/wp-content\/uploads\/2020\/10\/R-1.png","width":500,"height":500,"caption":"R\u00eave Blanc"},"image":{"@id":"https:\/\/reveblanc.fr\/en\/#\/schema\/logo\/image\/"},"sameAs":["https:\/\/www.facebook.com\/ReveBlancParisOfficiel\/"]}]}},"_links":{"self":[{"href":"https:\/\/reveblanc.fr\/en\/wp-json\/wp\/v2\/pages\/20453","targetHints":{"allow":["GET"]}}],"collection":[{"href":"https:\/\/reveblanc.fr\/en\/wp-json\/wp\/v2\/pages"}],"about":[{"href":"https:\/\/reveblanc.fr\/en\/wp-json\/wp\/v2\/types\/page"}],"author":[{"embeddable":true,"href":"https:\/\/reveblanc.fr\/en\/wp-json\/wp\/v2\/users\/4"}],"replies":[{"embeddable":true,"href":"https:\/\/reveblanc.fr\/en\/wp-json\/wp\/v2\/comments?post=20453"}],"version-history":[{"count":7,"href":"https:\/\/reveblanc.fr\/en\/wp-json\/wp\/v2\/pages\/20453\/revisions"}],"predecessor-version":[{"id":25585,"href":"https:\/\/reveblanc.fr\/en\/wp-json\/wp\/v2\/pages\/20453\/revisions\/25585"}],"wp:attachment":[{"href":"https:\/\/reveblanc.fr\/en\/wp-json\/wp\/v2\/media?parent=20453"}],"curies":[{"name":"wp","href":"https:\/\/api.w.org\/{rel}","templated":true}]}}