{"id":25196,"date":"2024-05-22T20:24:44","date_gmt":"2024-05-22T18:24:44","guid":{"rendered":"https:\/\/reveblanc.fr\/who-we-are-2\/"},"modified":"2024-11-10T18:31:23","modified_gmt":"2024-11-10T17:31:23","slug":"who-we-are-2","status":"publish","type":"page","link":"https:\/\/reveblanc.fr\/en\/who-we-are-2\/","title":{"rendered":"Who we are"},"content":{"rendered":"\t\t<div data-elementor-type=\"wp-page\" data-elementor-id=\"25196\" class=\"elementor elementor-25196 elementor-16923\" data-elementor-post-type=\"page\">\n\t\t\t\t<div class=\"elementor-element elementor-element-aecf380 e-flex e-con-boxed e-con e-parent\" data-id=\"aecf380\" data-element_type=\"container\" data-e-type=\"container\">\n\t\t\t\t\t<div class=\"e-con-inner\">\n\t\t<div class=\"elementor-element elementor-element-1d80062 e-con-full e-flex e-con e-child\" data-id=\"1d80062\" data-element_type=\"container\" data-e-type=\"container\">\n\t\t\t\t<div class=\"elementor-element elementor-element-414c8d0 elementor-widget elementor-widget-heading\" data-id=\"414c8d0\" data-element_type=\"widget\" data-e-type=\"widget\" data-widget_type=\"heading.default\">\n\t\t\t\t<div class=\"elementor-widget-container\">\n\t\t\t\t\t<h1 class=\"elementor-heading-title elementor-size-default\">Who we are<\/h1>\t\t\t\t<\/div>\n\t\t\t\t<\/div>\n\t\t\t\t<div class=\"elementor-element elementor-element-66c564c elementor-widget__width-inherit elementor-widget elementor-widget-heading\" data-id=\"66c564c\" data-element_type=\"widget\" data-e-type=\"widget\" data-widget_type=\"heading.default\">\n\t\t\t\t<div class=\"elementor-widget-container\">\n\t\t\t\t\t<p class=\"elementor-heading-title elementor-size-default\">For over thirty years, we at R\u00eave Blanc have firmly believed that every detail counts. That's why we're committed to offering our customers the cr\u00e8me de la cr\u00e8me when it comes to linens.   <\/p>\t\t\t\t<\/div>\n\t\t\t\t<\/div>\n\t\t\t\t<div class=\"elementor-element elementor-element-42b7d0c elementor-widget__width-inherit elementor-widget elementor-widget-heading\" data-id=\"42b7d0c\" data-element_type=\"widget\" data-e-type=\"widget\" data-widget_type=\"heading.default\">\n\t\t\t\t<div class=\"elementor-widget-container\">\n\t\t\t\t\t<p class=\"elementor-heading-title elementor-size-default\">  Founded in 1989 in the heart of Paris, our iconic boutique is a symbol of quality, elegance and style.<\/p>\t\t\t\t<\/div>\n\t\t\t\t<\/div>\n\t\t\t\t<\/div>\n\t\t\t\t<div class=\"elementor-element elementor-element-bfe33f0 elementor-widget elementor-widget-spacer\" data-id=\"bfe33f0\" data-element_type=\"widget\" data-e-type=\"widget\" data-widget_type=\"spacer.default\">\n\t\t\t\t<div class=\"elementor-widget-container\">\n\t\t\t\t\t\t\t<div class=\"elementor-spacer\">\n\t\t\t<div class=\"elementor-spacer-inner\"><\/div>\n\t\t<\/div>\n\t\t\t\t\t\t<\/div>\n\t\t\t\t<\/div>\n\t\t<div class=\"elementor-element elementor-element-3716748 e-con-full e-flex e-con e-child\" data-id=\"3716748\" data-element_type=\"container\" data-e-type=\"container\" data-settings=\"{&quot;background_background&quot;:&quot;classic&quot;}\">\n\t\t\t\t<\/div>\n\t\t\t\t\t<\/div>\n\t\t\t\t<\/div>\n\t\t<div class=\"elementor-element elementor-element-72783cf e-flex e-con-boxed e-con e-parent\" data-id=\"72783cf\" data-element_type=\"container\" data-e-type=\"container\">\n\t\t\t\t\t<div class=\"e-con-inner\">\n\t\t\t\t<div class=\"elementor-element elementor-element-aac5378 elementor-widget elementor-widget-spacer\" data-id=\"aac5378\" data-element_type=\"widget\" data-e-type=\"widget\" data-widget_type=\"spacer.default\">\n\t\t\t\t<div class=\"elementor-widget-container\">\n\t\t\t\t\t\t\t<div class=\"elementor-spacer\">\n\t\t\t<div class=\"elementor-spacer-inner\"><\/div>\n\t\t<\/div>\n\t\t\t\t\t\t<\/div>\n\t\t\t\t<\/div>\n\t\t\t\t\t<\/div>\n\t\t\t\t<\/div>\n\t\t<div class=\"elementor-element elementor-element-4ed91a9 e-flex e-con-boxed e-con e-parent\" data-id=\"4ed91a9\" data-element_type=\"container\" data-e-type=\"container\">\n\t\t\t\t\t<div class=\"e-con-inner\">\n\t\t<div class=\"elementor-element elementor-element-185f0a2 e-con-full e-flex e-con e-child\" data-id=\"185f0a2\" data-element_type=\"container\" data-e-type=\"container\">\n\t\t\t\t<div class=\"elementor-element elementor-element-18a7851 elementor-widget elementor-widget-heading\" data-id=\"18a7851\" data-element_type=\"widget\" data-e-type=\"widget\" data-widget_type=\"heading.default\">\n\t\t\t\t<div class=\"elementor-widget-container\">\n\t\t\t\t\t<h2 class=\"elementor-heading-title elementor-size-default\">Our commitments<\/h2>\t\t\t\t<\/div>\n\t\t\t\t<\/div>\n\t\t\t\t<div class=\"elementor-element elementor-element-a92283f elementor-widget__width-inherit elementor-widget elementor-widget-heading\" data-id=\"a92283f\" data-element_type=\"widget\" data-e-type=\"widget\" data-widget_type=\"heading.default\">\n\t\t\t\t<div class=\"elementor-widget-container\">\n\t\t\t\t\t<p class=\"elementor-heading-title elementor-size-default\">At R\u00eave Blanc, we never compromise on quality. Every product we offer is selected with the utmost care, to guarantee our customers an unrivalled experience.   <\/p>\t\t\t\t<\/div>\n\t\t\t\t<\/div>\n\t\t\t\t<div class=\"elementor-element elementor-element-7afd013 elementor-widget__width-inherit elementor-widget elementor-widget-heading\" data-id=\"7afd013\" data-element_type=\"widget\" data-e-type=\"widget\" data-widget_type=\"heading.default\">\n\t\t\t\t<div class=\"elementor-widget-container\">\n\t\t\t\t\t<p class=\"elementor-heading-title elementor-size-default\">From the most sumptuous sheets to the softest towels and the most elegant tablecloths, we ensure that every item meets our strict quality standards.<\/p>\t\t\t\t<\/div>\n\t\t\t\t<\/div>\n\t\t\t\t<div class=\"elementor-element elementor-element-e4db6d7 elementor-widget elementor-widget-spacer\" data-id=\"e4db6d7\" data-element_type=\"widget\" data-e-type=\"widget\" data-widget_type=\"spacer.default\">\n\t\t\t\t<div class=\"elementor-widget-container\">\n\t\t\t\t\t\t\t<div class=\"elementor-spacer\">\n\t\t\t<div class=\"elementor-spacer-inner\"><\/div>\n\t\t<\/div>\n\t\t\t\t\t\t<\/div>\n\t\t\t\t<\/div>\n\t\t\t\t<\/div>\n\t\t\t\t<div class=\"elementor-element elementor-element-bd2ef4e elementor-widget elementor-widget-spacer\" data-id=\"bd2ef4e\" data-element_type=\"widget\" data-e-type=\"widget\" data-widget_type=\"spacer.default\">\n\t\t\t\t<div class=\"elementor-widget-container\">\n\t\t\t\t\t\t\t<div class=\"elementor-spacer\">\n\t\t\t<div class=\"elementor-spacer-inner\"><\/div>\n\t\t<\/div>\n\t\t\t\t\t\t<\/div>\n\t\t\t\t<\/div>\n\t\t<div class=\"elementor-element elementor-element-89ce9ab e-con-full e-flex e-con e-child\" data-id=\"89ce9ab\" data-element_type=\"container\" data-e-type=\"container\" data-settings=\"{&quot;background_background&quot;:&quot;classic&quot;}\">\n\t\t\t\t<\/div>\n\t\t\t\t\t<\/div>\n\t\t\t\t<\/div>\n\t\t<div class=\"elementor-element elementor-element-5aeecc6 e-flex e-con-boxed e-con e-parent\" data-id=\"5aeecc6\" data-element_type=\"container\" data-e-type=\"container\">\n\t\t\t\t\t<div class=\"e-con-inner\">\n\t\t\t\t<div class=\"elementor-element elementor-element-531e999 elementor-widget elementor-widget-spacer\" data-id=\"531e999\" data-element_type=\"widget\" data-e-type=\"widget\" data-widget_type=\"spacer.default\">\n\t\t\t\t<div class=\"elementor-widget-container\">\n\t\t\t\t\t\t\t<div class=\"elementor-spacer\">\n\t\t\t<div class=\"elementor-spacer-inner\"><\/div>\n\t\t<\/div>\n\t\t\t\t\t\t<\/div>\n\t\t\t\t<\/div>\n\t\t\t\t\t<\/div>\n\t\t\t\t<\/div>\n\t\t<div class=\"elementor-element elementor-element-ab86ac2 e-flex e-con-boxed e-con e-parent\" data-id=\"ab86ac2\" data-element_type=\"container\" data-e-type=\"container\">\n\t\t\t\t\t<div class=\"e-con-inner\">\n\t\t<div class=\"elementor-element elementor-element-2a7c788 e-con-full e-flex e-con e-child\" data-id=\"2a7c788\" data-element_type=\"container\" data-e-type=\"container\">\n\t\t\t\t<div class=\"elementor-element elementor-element-ceca109 elementor-widget elementor-widget-heading\" data-id=\"ceca109\" data-element_type=\"widget\" data-e-type=\"widget\" data-widget_type=\"heading.default\">\n\t\t\t\t<div class=\"elementor-widget-container\">\n\t\t\t\t\t<h2 class=\"elementor-heading-title elementor-size-default\">Serving our customers<\/h2>\t\t\t\t<\/div>\n\t\t\t\t<\/div>\n\t\t\t\t<div class=\"elementor-element elementor-element-e3f9c00 elementor-widget__width-inherit elementor-widget elementor-widget-heading\" data-id=\"e3f9c00\" data-element_type=\"widget\" data-e-type=\"widget\" data-widget_type=\"heading.default\">\n\t\t\t\t<div class=\"elementor-widget-container\">\n\t\t\t\t\t<p class=\"elementor-heading-title elementor-size-default\">Over the years, R\u00eave Blanc has become synonymous with excellence, with loyal customers returning for the exceptional quality of our products.  <\/p>\t\t\t\t<\/div>\n\t\t\t\t<\/div>\n\t\t\t\t<div class=\"elementor-element elementor-element-51402cf elementor-widget__width-inherit elementor-widget elementor-widget-heading\" data-id=\"51402cf\" data-element_type=\"widget\" data-e-type=\"widget\" data-widget_type=\"heading.default\">\n\t\t\t\t<div class=\"elementor-widget-container\">\n\t\t\t\t\t<p class=\"elementor-heading-title elementor-size-default\">For us, quality is much more than just a criterion<br> it's a philosophy that guides our every decision and is reflected in every one of our products.<\/p>\t\t\t\t<\/div>\n\t\t\t\t<\/div>\n\t\t\t\t<div class=\"elementor-element elementor-element-26036f2 elementor-widget elementor-widget-spacer\" data-id=\"26036f2\" data-element_type=\"widget\" data-e-type=\"widget\" data-widget_type=\"spacer.default\">\n\t\t\t\t<div class=\"elementor-widget-container\">\n\t\t\t\t\t\t\t<div class=\"elementor-spacer\">\n\t\t\t<div class=\"elementor-spacer-inner\"><\/div>\n\t\t<\/div>\n\t\t\t\t\t\t<\/div>\n\t\t\t\t<\/div>\n\t\t\t\t<\/div>\n\t\t\t\t<div class=\"elementor-element elementor-element-caafdc3 elementor-widget elementor-widget-spacer\" data-id=\"caafdc3\" data-element_type=\"widget\" data-e-type=\"widget\" data-widget_type=\"spacer.default\">\n\t\t\t\t<div class=\"elementor-widget-container\">\n\t\t\t\t\t\t\t<div class=\"elementor-spacer\">\n\t\t\t<div class=\"elementor-spacer-inner\"><\/div>\n\t\t<\/div>\n\t\t\t\t\t\t<\/div>\n\t\t\t\t<\/div>\n\t\t<div class=\"elementor-element elementor-element-a3923ba e-con-full e-flex e-con e-child\" data-id=\"a3923ba\" data-element_type=\"container\" data-e-type=\"container\" data-settings=\"{&quot;background_background&quot;:&quot;classic&quot;}\">\n\t\t\t\t<\/div>\n\t\t\t\t\t<\/div>\n\t\t\t\t<\/div>\n\t\t<div class=\"elementor-element elementor-element-4206475 e-flex e-con-boxed e-con e-parent\" data-id=\"4206475\" data-element_type=\"container\" data-e-type=\"container\" data-settings=\"{&quot;background_background&quot;:&quot;classic&quot;}\">\n\t\t\t\t\t<div class=\"e-con-inner\">\n\t\t\t\t<div class=\"elementor-element elementor-element-c723da3 elementor-widget__width-initial elementor-widget-laptop__width-initial elementor-widget elementor-widget-heading\" data-id=\"c723da3\" data-element_type=\"widget\" data-e-type=\"widget\" data-widget_type=\"heading.default\">\n\t\t\t\t<div class=\"elementor-widget-container\">\n\t\t\t\t\t<h2 class=\"elementor-heading-title elementor-size-default\">Enter the world of R\u00eave Blanc and let yourself be enchanted by the charm of high-end<br> linens, where every day is an invitation to live a dream in white.<\/h2>\t\t\t\t<\/div>\n\t\t\t\t<\/div>\n\t\t\t\t<div class=\"elementor-element elementor-element-be534f9 elementor-widget elementor-widget-spacer\" data-id=\"be534f9\" data-element_type=\"widget\" data-e-type=\"widget\" data-widget_type=\"spacer.default\">\n\t\t\t\t<div class=\"elementor-widget-container\">\n\t\t\t\t\t\t\t<div class=\"elementor-spacer\">\n\t\t\t<div class=\"elementor-spacer-inner\"><\/div>\n\t\t<\/div>\n\t\t\t\t\t\t<\/div>\n\t\t\t\t<\/div>\n\t\t\t\t\t<\/div>\n\t\t\t\t<\/div>\n\t\t<div class=\"elementor-element elementor-element-1ca0429 e-con-full e-flex e-con e-parent\" data-id=\"1ca0429\" data-element_type=\"container\" data-e-type=\"container\" data-settings=\"{&quot;background_background&quot;:&quot;classic&quot;}\">\n\t\t\t\t<\/div>\n\t\t<div class=\"elementor-element elementor-element-c392046 e-flex e-con-boxed e-con e-parent\" data-id=\"c392046\" data-element_type=\"container\" data-e-type=\"container\">\n\t\t\t\t\t<div class=\"e-con-inner\">\n\t\t\t\t<div class=\"elementor-element elementor-element-8828146 elementor-widget elementor-widget-spacer\" data-id=\"8828146\" data-element_type=\"widget\" data-e-type=\"widget\" data-widget_type=\"spacer.default\">\n\t\t\t\t<div class=\"elementor-widget-container\">\n\t\t\t\t\t\t\t<div class=\"elementor-spacer\">\n\t\t\t<div class=\"elementor-spacer-inner\"><\/div>\n\t\t<\/div>\n\t\t\t\t\t\t<\/div>\n\t\t\t\t<\/div>\n\t\t\t\t\t<\/div>\n\t\t\t\t<\/div>\n\t\t\t\t<\/div>\n\t\t","protected":false},"excerpt":{"rendered":"<p>Who we are For over thirty years, we at R\u00eave Blanc have firmly believed that every detail counts. That&#8217;s why we&#8217;re committed to offering our customers the cr\u00e8me de la cr\u00e8me when it comes to linens. Founded in 1989 in the heart of Paris, our iconic boutique is a symbol of quality, elegance and style. [&hellip;]<\/p>\n","protected":false},"author":4,"featured_media":0,"parent":0,"menu_order":0,"comment_status":"closed","ping_status":"closed","template":"","meta":{"footnotes":""},"class_list":["post-25196","page","type-page","status-publish","hentry"],"blocksy_meta":[],"yoast_head":"<!-- This site is optimized with the Yoast SEO plugin v27.3 - https:\/\/yoast.com\/product\/yoast-seo-wordpress\/ -->\n<title>Who we are - R\u00eave Blanc<\/title>\n<meta name=\"robots\" content=\"index, follow, max-snippet:-1, max-image-preview:large, max-video-preview:-1\" \/>\n<link rel=\"canonical\" href=\"https:\/\/reveblanc.fr\/en\/who-we-are-2\/\" \/>\n<meta property=\"og:locale\" content=\"en_US\" \/>\n<meta property=\"og:type\" content=\"article\" \/>\n<meta property=\"og:title\" content=\"Who we are - R\u00eave Blanc\" \/>\n<meta property=\"og:description\" content=\"Who we are For over thirty years, we at R\u00eave Blanc have firmly believed that every detail counts. That&#8217;s why we&#8217;re committed to offering our customers the cr\u00e8me de la cr\u00e8me when it comes to linens. Founded in 1989 in the heart of Paris, our iconic boutique is a symbol of quality, elegance and style. [&hellip;]\" \/>\n<meta property=\"og:url\" content=\"https:\/\/reveblanc.fr\/en\/who-we-are-2\/\" \/>\n<meta property=\"og:site_name\" content=\"R\u00eave Blanc\" \/>\n<meta property=\"article:publisher\" content=\"https:\/\/www.facebook.com\/ReveBlancParisOfficiel\/\" \/>\n<meta property=\"article:modified_time\" content=\"2024-11-10T17:31:23+00:00\" \/>\n<meta name=\"twitter:card\" content=\"summary_large_image\" \/>\n<meta name=\"twitter:label1\" content=\"Est. reading time\" \/>\n\t<meta name=\"twitter:data1\" content=\"1 minute\" \/>\n<script type=\"application\/ld+json\" class=\"yoast-schema-graph\">{\"@context\":\"https:\\\/\\\/schema.org\",\"@graph\":[{\"@type\":\"WebPage\",\"@id\":\"https:\\\/\\\/reveblanc.fr\\\/en\\\/who-we-are-2\\\/\",\"url\":\"https:\\\/\\\/reveblanc.fr\\\/en\\\/who-we-are-2\\\/\",\"name\":\"Who we are - R\u00eave Blanc\",\"isPartOf\":{\"@id\":\"https:\\\/\\\/reveblanc.fr\\\/en\\\/#website\"},\"datePublished\":\"2024-05-22T18:24:44+00:00\",\"dateModified\":\"2024-11-10T17:31:23+00:00\",\"breadcrumb\":{\"@id\":\"https:\\\/\\\/reveblanc.fr\\\/en\\\/who-we-are-2\\\/#breadcrumb\"},\"inLanguage\":\"en-US\",\"potentialAction\":[{\"@type\":\"ReadAction\",\"target\":[\"https:\\\/\\\/reveblanc.fr\\\/en\\\/who-we-are-2\\\/\"]}]},{\"@type\":\"BreadcrumbList\",\"@id\":\"https:\\\/\\\/reveblanc.fr\\\/en\\\/who-we-are-2\\\/#breadcrumb\",\"itemListElement\":[{\"@type\":\"ListItem\",\"position\":1,\"name\":\"Accueil\",\"item\":\"https:\\\/\\\/reveblanc.fr\\\/en\\\/home-page\\\/\"},{\"@type\":\"ListItem\",\"position\":2,\"name\":\"Who we are\"}]},{\"@type\":\"WebSite\",\"@id\":\"https:\\\/\\\/reveblanc.fr\\\/en\\\/#website\",\"url\":\"https:\\\/\\\/reveblanc.fr\\\/en\\\/\",\"name\":\"R\u00eave Blanc\",\"description\":\"Linen specialist since 1989\",\"publisher\":{\"@id\":\"https:\\\/\\\/reveblanc.fr\\\/en\\\/#organization\"},\"potentialAction\":[{\"@type\":\"SearchAction\",\"target\":{\"@type\":\"EntryPoint\",\"urlTemplate\":\"https:\\\/\\\/reveblanc.fr\\\/en\\\/?s={search_term_string}\"},\"query-input\":{\"@type\":\"PropertyValueSpecification\",\"valueRequired\":true,\"valueName\":\"search_term_string\"}}],\"inLanguage\":\"en-US\"},{\"@type\":\"Organization\",\"@id\":\"https:\\\/\\\/reveblanc.fr\\\/en\\\/#organization\",\"name\":\"R\u00eave Blanc\",\"url\":\"https:\\\/\\\/reveblanc.fr\\\/en\\\/\",\"logo\":{\"@type\":\"ImageObject\",\"inLanguage\":\"en-US\",\"@id\":\"https:\\\/\\\/reveblanc.fr\\\/en\\\/#\\\/schema\\\/logo\\\/image\\\/\",\"url\":\"https:\\\/\\\/reveblanc.fr\\\/wp-content\\\/uploads\\\/2020\\\/10\\\/R-1.png\",\"contentUrl\":\"https:\\\/\\\/reveblanc.fr\\\/wp-content\\\/uploads\\\/2020\\\/10\\\/R-1.png\",\"width\":500,\"height\":500,\"caption\":\"R\u00eave Blanc\"},\"image\":{\"@id\":\"https:\\\/\\\/reveblanc.fr\\\/en\\\/#\\\/schema\\\/logo\\\/image\\\/\"},\"sameAs\":[\"https:\\\/\\\/www.facebook.com\\\/ReveBlancParisOfficiel\\\/\"]}]}<\/script>\n<!-- \/ Yoast SEO plugin. -->","yoast_head_json":{"title":"Who we are - R\u00eave Blanc","robots":{"index":"index","follow":"follow","max-snippet":"max-snippet:-1","max-image-preview":"max-image-preview:large","max-video-preview":"max-video-preview:-1"},"canonical":"https:\/\/reveblanc.fr\/en\/who-we-are-2\/","og_locale":"en_US","og_type":"article","og_title":"Who we are - R\u00eave Blanc","og_description":"Who we are For over thirty years, we at R\u00eave Blanc have firmly believed that every detail counts. That&#8217;s why we&#8217;re committed to offering our customers the cr\u00e8me de la cr\u00e8me when it comes to linens. Founded in 1989 in the heart of Paris, our iconic boutique is a symbol of quality, elegance and style. [&hellip;]","og_url":"https:\/\/reveblanc.fr\/en\/who-we-are-2\/","og_site_name":"R\u00eave Blanc","article_publisher":"https:\/\/www.facebook.com\/ReveBlancParisOfficiel\/","article_modified_time":"2024-11-10T17:31:23+00:00","twitter_card":"summary_large_image","twitter_misc":{"Est. reading time":"1 minute"},"schema":{"@context":"https:\/\/schema.org","@graph":[{"@type":"WebPage","@id":"https:\/\/reveblanc.fr\/en\/who-we-are-2\/","url":"https:\/\/reveblanc.fr\/en\/who-we-are-2\/","name":"Who we are - R\u00eave Blanc","isPartOf":{"@id":"https:\/\/reveblanc.fr\/en\/#website"},"datePublished":"2024-05-22T18:24:44+00:00","dateModified":"2024-11-10T17:31:23+00:00","breadcrumb":{"@id":"https:\/\/reveblanc.fr\/en\/who-we-are-2\/#breadcrumb"},"inLanguage":"en-US","potentialAction":[{"@type":"ReadAction","target":["https:\/\/reveblanc.fr\/en\/who-we-are-2\/"]}]},{"@type":"BreadcrumbList","@id":"https:\/\/reveblanc.fr\/en\/who-we-are-2\/#breadcrumb","itemListElement":[{"@type":"ListItem","position":1,"name":"Accueil","item":"https:\/\/reveblanc.fr\/en\/home-page\/"},{"@type":"ListItem","position":2,"name":"Who we are"}]},{"@type":"WebSite","@id":"https:\/\/reveblanc.fr\/en\/#website","url":"https:\/\/reveblanc.fr\/en\/","name":"R\u00eave Blanc","description":"Linen specialist since 1989","publisher":{"@id":"https:\/\/reveblanc.fr\/en\/#organization"},"potentialAction":[{"@type":"SearchAction","target":{"@type":"EntryPoint","urlTemplate":"https:\/\/reveblanc.fr\/en\/?s={search_term_string}"},"query-input":{"@type":"PropertyValueSpecification","valueRequired":true,"valueName":"search_term_string"}}],"inLanguage":"en-US"},{"@type":"Organization","@id":"https:\/\/reveblanc.fr\/en\/#organization","name":"R\u00eave Blanc","url":"https:\/\/reveblanc.fr\/en\/","logo":{"@type":"ImageObject","inLanguage":"en-US","@id":"https:\/\/reveblanc.fr\/en\/#\/schema\/logo\/image\/","url":"https:\/\/reveblanc.fr\/wp-content\/uploads\/2020\/10\/R-1.png","contentUrl":"https:\/\/reveblanc.fr\/wp-content\/uploads\/2020\/10\/R-1.png","width":500,"height":500,"caption":"R\u00eave Blanc"},"image":{"@id":"https:\/\/reveblanc.fr\/en\/#\/schema\/logo\/image\/"},"sameAs":["https:\/\/www.facebook.com\/ReveBlancParisOfficiel\/"]}]}},"_links":{"self":[{"href":"https:\/\/reveblanc.fr\/en\/wp-json\/wp\/v2\/pages\/25196","targetHints":{"allow":["GET"]}}],"collection":[{"href":"https:\/\/reveblanc.fr\/en\/wp-json\/wp\/v2\/pages"}],"about":[{"href":"https:\/\/reveblanc.fr\/en\/wp-json\/wp\/v2\/types\/page"}],"author":[{"embeddable":true,"href":"https:\/\/reveblanc.fr\/en\/wp-json\/wp\/v2\/users\/4"}],"replies":[{"embeddable":true,"href":"https:\/\/reveblanc.fr\/en\/wp-json\/wp\/v2\/comments?post=25196"}],"version-history":[{"count":1,"href":"https:\/\/reveblanc.fr\/en\/wp-json\/wp\/v2\/pages\/25196\/revisions"}],"predecessor-version":[{"id":25200,"href":"https:\/\/reveblanc.fr\/en\/wp-json\/wp\/v2\/pages\/25196\/revisions\/25200"}],"wp:attachment":[{"href":"https:\/\/reveblanc.fr\/en\/wp-json\/wp\/v2\/media?parent=25196"}],"curies":[{"name":"wp","href":"https:\/\/api.w.org\/{rel}","templated":true}]}}