{"id":24640,"date":"2020-11-15T13:44:16","date_gmt":"2020-11-15T12:44:16","guid":{"rendered":"https:\/\/reveblanc.fr\/produit\/bouquets-parfumes-diffuseurs-plants-and-fragrances\/"},"modified":"2024-11-11T19:33:08","modified_gmt":"2024-11-11T18:33:08","slug":"bouquets-parfumes-diffuseurs-plants-and-fragrances","status":"publish","type":"product","link":"https:\/\/reveblanc.fr\/en\/produit\/bouquets-parfumes-diffuseurs-plants-and-fragrances\/","title":{"rendered":"Bouquets Parfum\u00e9s-Diffuseurs &#8211; Plants And Fragrances"},"content":{"rendered":"\t\t<div data-elementor-type=\"product-post\" data-elementor-id=\"24640\" class=\"elementor elementor-24640 elementor-4419\" data-elementor-post-type=\"product\">\n\t\t\t\t<div class=\"elementor-element elementor-element-18bac505 e-flex e-con-boxed e-con e-parent\" data-id=\"18bac505\" data-element_type=\"container\" data-e-type=\"container\">\n\t\t\t\t\t<div class=\"e-con-inner\">\n\t\t\t\t<div class=\"elementor-element elementor-element-54533893 elementor-widget elementor-widget-text-editor\" data-id=\"54533893\" data-element_type=\"widget\" data-e-type=\"widget\" data-widget_type=\"text-editor.default\">\n\t\t\t\t<div class=\"elementor-widget-container\">\n\t\t\t\t\t\t\t\t\t<h3>Scented Bouquets<\/h3>\n<p>They add a unique touch to your d\u00e9cor with their distinct olfactory personality.<\/p>\n<p>Natural rattan stems absorb fragrance by capillary action, releasing delicate scents into the air.<\/p>\n\t\t\t\t\t\t\t\t<\/div>\n\t\t\t\t<\/div>\n\t\t\t\t\t<\/div>\n\t\t\t\t<\/div>\n\t\t\t\t<\/div>\n\t\t","protected":false},"excerpt":{"rendered":"<p>Bouquets Parfum\u00e9s transform the atmosphere of your rooms by gently and continuously diffusing your favorite home fragrances.<\/p>\n<p>They add a unique touch to your d\u00e9cor with their distinctive olfactory personality.<\/p>\n<p>The natural rattan stems absorb the fragrance by capillary action, diffusing the delicate scents into the ambient air.<\/p>\n","protected":false},"featured_media":24042,"comment_status":"closed","ping_status":"closed","template":"","meta":[],"pwb-brand":[2158],"product_brand":[1404],"product_cat":[1951],"product_tag":[],"class_list":{"0":"post-24640","1":"product","2":"type-product","3":"status-publish","4":"has-post-thumbnail","6":"pwb-brand-plantes-parfums-ad-en","7":"product_brand-plantes-et-parfums","8":"product_cat-candles-and-scents","10":"first","11":"instock","12":"shipping-taxable","13":"purchasable","14":"product-type-variable"},"ct_brands":[{"id":1404,"name":"Plantes Et Parfums","slug":"plantes-et-parfums"}],"yoast_head":"<!-- This site is optimized with the Yoast SEO plugin v27.3 - https:\/\/yoast.com\/product\/yoast-seo-wordpress\/ -->\n<title>Bouquets Parfum\u00e9s-Diffuseurs - Plants And Fragrances - R\u00eave Blanc<\/title>\n<meta name=\"robots\" content=\"index, follow, max-snippet:-1, max-image-preview:large, max-video-preview:-1\" \/>\n<link rel=\"canonical\" href=\"https:\/\/reveblanc.fr\/en\/produit\/bouquets-parfumes-diffuseurs-plants-and-fragrances\/\" \/>\n<meta property=\"og:locale\" content=\"en_US\" \/>\n<meta property=\"og:type\" content=\"article\" \/>\n<meta property=\"og:title\" content=\"Bouquets Parfum\u00e9s-Diffuseurs - Plants And Fragrances - R\u00eave Blanc\" \/>\n<meta property=\"og:description\" content=\"Bouquets Parfum\u00e9s transform the atmosphere of your rooms by gently and continuously diffusing your favorite home fragrances. They add a unique touch to your d\u00e9cor with their distinctive olfactory personality. The natural rattan stems absorb the fragrance by capillary action, diffusing the delicate scents into the ambient air.\" \/>\n<meta property=\"og:url\" content=\"https:\/\/reveblanc.fr\/en\/produit\/bouquets-parfumes-diffuseurs-plants-and-fragrances\/\" \/>\n<meta property=\"og:site_name\" content=\"R\u00eave Blanc\" \/>\n<meta property=\"article:publisher\" content=\"https:\/\/www.facebook.com\/ReveBlancParisOfficiel\/\" \/>\n<meta property=\"article:modified_time\" content=\"2024-11-11T18:33:08+00:00\" \/>\n<meta property=\"og:image\" content=\"https:\/\/reveblanc.fr\/wp-content\/uploads\/2020\/11\/Senteur_Gourmande_1_a06fa8de-653e-49d3-b098-2ed060394e32.webp\" \/>\n\t<meta property=\"og:image:width\" content=\"1500\" \/>\n\t<meta property=\"og:image:height\" content=\"1500\" \/>\n\t<meta property=\"og:image:type\" content=\"image\/webp\" \/>\n<meta name=\"twitter:card\" content=\"summary_large_image\" \/>\n<script type=\"application\/ld+json\" class=\"yoast-schema-graph\">{\"@context\":\"https:\\\/\\\/schema.org\",\"@graph\":[{\"@type\":\"WebPage\",\"@id\":\"https:\\\/\\\/reveblanc.fr\\\/en\\\/produit\\\/bouquets-parfumes-diffuseurs-plants-and-fragrances\\\/\",\"url\":\"https:\\\/\\\/reveblanc.fr\\\/en\\\/produit\\\/bouquets-parfumes-diffuseurs-plants-and-fragrances\\\/\",\"name\":\"Bouquets Parfum\u00e9s-Diffuseurs - Plants And Fragrances - R\u00eave Blanc\",\"isPartOf\":{\"@id\":\"https:\\\/\\\/reveblanc.fr\\\/en\\\/#website\"},\"primaryImageOfPage\":{\"@id\":\"https:\\\/\\\/reveblanc.fr\\\/en\\\/produit\\\/bouquets-parfumes-diffuseurs-plants-and-fragrances\\\/#primaryimage\"},\"image\":{\"@id\":\"https:\\\/\\\/reveblanc.fr\\\/en\\\/produit\\\/bouquets-parfumes-diffuseurs-plants-and-fragrances\\\/#primaryimage\"},\"thumbnailUrl\":\"https:\\\/\\\/reveblanc.fr\\\/wp-content\\\/uploads\\\/2020\\\/11\\\/Senteur_Gourmande_1_a06fa8de-653e-49d3-b098-2ed060394e32.webp\",\"datePublished\":\"2020-11-15T12:44:16+00:00\",\"dateModified\":\"2024-11-11T18:33:08+00:00\",\"breadcrumb\":{\"@id\":\"https:\\\/\\\/reveblanc.fr\\\/en\\\/produit\\\/bouquets-parfumes-diffuseurs-plants-and-fragrances\\\/#breadcrumb\"},\"inLanguage\":\"en-US\",\"potentialAction\":[{\"@type\":\"ReadAction\",\"target\":[\"https:\\\/\\\/reveblanc.fr\\\/en\\\/produit\\\/bouquets-parfumes-diffuseurs-plants-and-fragrances\\\/\"]}]},{\"@type\":\"ImageObject\",\"inLanguage\":\"en-US\",\"@id\":\"https:\\\/\\\/reveblanc.fr\\\/en\\\/produit\\\/bouquets-parfumes-diffuseurs-plants-and-fragrances\\\/#primaryimage\",\"url\":\"https:\\\/\\\/reveblanc.fr\\\/wp-content\\\/uploads\\\/2020\\\/11\\\/Senteur_Gourmande_1_a06fa8de-653e-49d3-b098-2ed060394e32.webp\",\"contentUrl\":\"https:\\\/\\\/reveblanc.fr\\\/wp-content\\\/uploads\\\/2020\\\/11\\\/Senteur_Gourmande_1_a06fa8de-653e-49d3-b098-2ed060394e32.webp\",\"width\":1500,\"height\":1500},{\"@type\":\"BreadcrumbList\",\"@id\":\"https:\\\/\\\/reveblanc.fr\\\/en\\\/produit\\\/bouquets-parfumes-diffuseurs-plants-and-fragrances\\\/#breadcrumb\",\"itemListElement\":[{\"@type\":\"ListItem\",\"position\":1,\"name\":\"Accueil\",\"item\":\"https:\\\/\\\/reveblanc.fr\\\/en\\\/home-page\\\/\"},{\"@type\":\"ListItem\",\"position\":2,\"name\":\"Produits\",\"item\":\"https:\\\/\\\/reveblanc.fr\\\/shop\\\/\"},{\"@type\":\"ListItem\",\"position\":3,\"name\":\"Bouquets Parfum\u00e9s-Diffuseurs &#8211; Plants And Fragrances\"}]},{\"@type\":\"WebSite\",\"@id\":\"https:\\\/\\\/reveblanc.fr\\\/en\\\/#website\",\"url\":\"https:\\\/\\\/reveblanc.fr\\\/en\\\/\",\"name\":\"R\u00eave Blanc\",\"description\":\"Linen specialist since 1989\",\"publisher\":{\"@id\":\"https:\\\/\\\/reveblanc.fr\\\/en\\\/#organization\"},\"potentialAction\":[{\"@type\":\"SearchAction\",\"target\":{\"@type\":\"EntryPoint\",\"urlTemplate\":\"https:\\\/\\\/reveblanc.fr\\\/en\\\/?s={search_term_string}\"},\"query-input\":{\"@type\":\"PropertyValueSpecification\",\"valueRequired\":true,\"valueName\":\"search_term_string\"}}],\"inLanguage\":\"en-US\"},{\"@type\":\"Organization\",\"@id\":\"https:\\\/\\\/reveblanc.fr\\\/en\\\/#organization\",\"name\":\"R\u00eave Blanc\",\"url\":\"https:\\\/\\\/reveblanc.fr\\\/en\\\/\",\"logo\":{\"@type\":\"ImageObject\",\"inLanguage\":\"en-US\",\"@id\":\"https:\\\/\\\/reveblanc.fr\\\/en\\\/#\\\/schema\\\/logo\\\/image\\\/\",\"url\":\"https:\\\/\\\/reveblanc.fr\\\/wp-content\\\/uploads\\\/2020\\\/10\\\/R-1.png\",\"contentUrl\":\"https:\\\/\\\/reveblanc.fr\\\/wp-content\\\/uploads\\\/2020\\\/10\\\/R-1.png\",\"width\":500,\"height\":500,\"caption\":\"R\u00eave Blanc\"},\"image\":{\"@id\":\"https:\\\/\\\/reveblanc.fr\\\/en\\\/#\\\/schema\\\/logo\\\/image\\\/\"},\"sameAs\":[\"https:\\\/\\\/www.facebook.com\\\/ReveBlancParisOfficiel\\\/\"]}]}<\/script>\n<!-- \/ Yoast SEO plugin. -->","yoast_head_json":{"title":"Bouquets Parfum\u00e9s-Diffuseurs - Plants And Fragrances - R\u00eave Blanc","robots":{"index":"index","follow":"follow","max-snippet":"max-snippet:-1","max-image-preview":"max-image-preview:large","max-video-preview":"max-video-preview:-1"},"canonical":"https:\/\/reveblanc.fr\/en\/produit\/bouquets-parfumes-diffuseurs-plants-and-fragrances\/","og_locale":"en_US","og_type":"article","og_title":"Bouquets Parfum\u00e9s-Diffuseurs - Plants And Fragrances - R\u00eave Blanc","og_description":"Bouquets Parfum\u00e9s transform the atmosphere of your rooms by gently and continuously diffusing your favorite home fragrances. They add a unique touch to your d\u00e9cor with their distinctive olfactory personality. The natural rattan stems absorb the fragrance by capillary action, diffusing the delicate scents into the ambient air.","og_url":"https:\/\/reveblanc.fr\/en\/produit\/bouquets-parfumes-diffuseurs-plants-and-fragrances\/","og_site_name":"R\u00eave Blanc","article_publisher":"https:\/\/www.facebook.com\/ReveBlancParisOfficiel\/","article_modified_time":"2024-11-11T18:33:08+00:00","og_image":[{"width":1500,"height":1500,"url":"https:\/\/reveblanc.fr\/wp-content\/uploads\/2020\/11\/Senteur_Gourmande_1_a06fa8de-653e-49d3-b098-2ed060394e32.webp","type":"image\/webp"}],"twitter_card":"summary_large_image","schema":{"@context":"https:\/\/schema.org","@graph":[{"@type":"WebPage","@id":"https:\/\/reveblanc.fr\/en\/produit\/bouquets-parfumes-diffuseurs-plants-and-fragrances\/","url":"https:\/\/reveblanc.fr\/en\/produit\/bouquets-parfumes-diffuseurs-plants-and-fragrances\/","name":"Bouquets Parfum\u00e9s-Diffuseurs - Plants And Fragrances - R\u00eave Blanc","isPartOf":{"@id":"https:\/\/reveblanc.fr\/en\/#website"},"primaryImageOfPage":{"@id":"https:\/\/reveblanc.fr\/en\/produit\/bouquets-parfumes-diffuseurs-plants-and-fragrances\/#primaryimage"},"image":{"@id":"https:\/\/reveblanc.fr\/en\/produit\/bouquets-parfumes-diffuseurs-plants-and-fragrances\/#primaryimage"},"thumbnailUrl":"https:\/\/reveblanc.fr\/wp-content\/uploads\/2020\/11\/Senteur_Gourmande_1_a06fa8de-653e-49d3-b098-2ed060394e32.webp","datePublished":"2020-11-15T12:44:16+00:00","dateModified":"2024-11-11T18:33:08+00:00","breadcrumb":{"@id":"https:\/\/reveblanc.fr\/en\/produit\/bouquets-parfumes-diffuseurs-plants-and-fragrances\/#breadcrumb"},"inLanguage":"en-US","potentialAction":[{"@type":"ReadAction","target":["https:\/\/reveblanc.fr\/en\/produit\/bouquets-parfumes-diffuseurs-plants-and-fragrances\/"]}]},{"@type":"ImageObject","inLanguage":"en-US","@id":"https:\/\/reveblanc.fr\/en\/produit\/bouquets-parfumes-diffuseurs-plants-and-fragrances\/#primaryimage","url":"https:\/\/reveblanc.fr\/wp-content\/uploads\/2020\/11\/Senteur_Gourmande_1_a06fa8de-653e-49d3-b098-2ed060394e32.webp","contentUrl":"https:\/\/reveblanc.fr\/wp-content\/uploads\/2020\/11\/Senteur_Gourmande_1_a06fa8de-653e-49d3-b098-2ed060394e32.webp","width":1500,"height":1500},{"@type":"BreadcrumbList","@id":"https:\/\/reveblanc.fr\/en\/produit\/bouquets-parfumes-diffuseurs-plants-and-fragrances\/#breadcrumb","itemListElement":[{"@type":"ListItem","position":1,"name":"Accueil","item":"https:\/\/reveblanc.fr\/en\/home-page\/"},{"@type":"ListItem","position":2,"name":"Produits","item":"https:\/\/reveblanc.fr\/shop\/"},{"@type":"ListItem","position":3,"name":"Bouquets Parfum\u00e9s-Diffuseurs &#8211; Plants And Fragrances"}]},{"@type":"WebSite","@id":"https:\/\/reveblanc.fr\/en\/#website","url":"https:\/\/reveblanc.fr\/en\/","name":"R\u00eave Blanc","description":"Linen specialist since 1989","publisher":{"@id":"https:\/\/reveblanc.fr\/en\/#organization"},"potentialAction":[{"@type":"SearchAction","target":{"@type":"EntryPoint","urlTemplate":"https:\/\/reveblanc.fr\/en\/?s={search_term_string}"},"query-input":{"@type":"PropertyValueSpecification","valueRequired":true,"valueName":"search_term_string"}}],"inLanguage":"en-US"},{"@type":"Organization","@id":"https:\/\/reveblanc.fr\/en\/#organization","name":"R\u00eave Blanc","url":"https:\/\/reveblanc.fr\/en\/","logo":{"@type":"ImageObject","inLanguage":"en-US","@id":"https:\/\/reveblanc.fr\/en\/#\/schema\/logo\/image\/","url":"https:\/\/reveblanc.fr\/wp-content\/uploads\/2020\/10\/R-1.png","contentUrl":"https:\/\/reveblanc.fr\/wp-content\/uploads\/2020\/10\/R-1.png","width":500,"height":500,"caption":"R\u00eave Blanc"},"image":{"@id":"https:\/\/reveblanc.fr\/en\/#\/schema\/logo\/image\/"},"sameAs":["https:\/\/www.facebook.com\/ReveBlancParisOfficiel\/"]}]}},"brands":[{"id":2158,"name":"Plantes &amp; Parfums &#8211; A&amp;D","slug":"plantes-parfums-ad-en"}],"_links":{"self":[{"href":"https:\/\/reveblanc.fr\/en\/wp-json\/wp\/v2\/product\/24640","targetHints":{"allow":["GET"]}}],"collection":[{"href":"https:\/\/reveblanc.fr\/en\/wp-json\/wp\/v2\/product"}],"about":[{"href":"https:\/\/reveblanc.fr\/en\/wp-json\/wp\/v2\/types\/product"}],"replies":[{"embeddable":true,"href":"https:\/\/reveblanc.fr\/en\/wp-json\/wp\/v2\/comments?post=24640"}],"version-history":[{"count":1,"href":"https:\/\/reveblanc.fr\/en\/wp-json\/wp\/v2\/product\/24640\/revisions"}],"predecessor-version":[{"id":24665,"href":"https:\/\/reveblanc.fr\/en\/wp-json\/wp\/v2\/product\/24640\/revisions\/24665"}],"wp:featuredmedia":[{"embeddable":true,"href":"https:\/\/reveblanc.fr\/en\/wp-json\/wp\/v2\/media\/24042"}],"wp:attachment":[{"href":"https:\/\/reveblanc.fr\/en\/wp-json\/wp\/v2\/media?parent=24640"}],"wp:term":[{"taxonomy":"pwb-brand","embeddable":true,"href":"https:\/\/reveblanc.fr\/en\/wp-json\/wp\/v2\/pwb-brand?post=24640"},{"taxonomy":"product_brand","embeddable":true,"href":"https:\/\/reveblanc.fr\/en\/wp-json\/wp\/v2\/product_brand?post=24640"},{"taxonomy":"product_cat","embeddable":true,"href":"https:\/\/reveblanc.fr\/en\/wp-json\/wp\/v2\/product_cat?post=24640"},{"taxonomy":"product_tag","embeddable":true,"href":"https:\/\/reveblanc.fr\/en\/wp-json\/wp\/v2\/product_tag?post=24640"}],"curies":[{"name":"wp","href":"https:\/\/api.w.org\/{rel}","templated":true}]}}